{"id":1624,"date":"2022-09-27T04:16:03","date_gmt":"2022-09-27T04:16:03","guid":{"rendered":"https:\/\/gossip-themes.com\/minervawp\/?page_id=2"},"modified":"2025-09-10T08:21:10","modified_gmt":"2025-09-10T13:21:10","slug":"sobre_motus","status":"publish","type":"page","link":"https:\/\/dardo.com.co\/motus\/sobre_motus\/","title":{"rendered":"Sobre Motus"},"content":{"rendered":"\n<h2 class=\"wp-block-heading\">Bienvenidos<\/h2>\n\n\n\n<p><strong>Motus<\/strong> es un blog de divulgaci\u00f3n cient\u00edfica creado en 2024. Naci\u00f3 como un espacio para acercar a la comunidad acad\u00e9mica y al p\u00fablico general los hallazgos publicados en revistas cient\u00edficas de alto nivel, adem\u00e1s de visibilizar ediciones tem\u00e1ticas y n\u00fameros especiales de revistas que se promocionan en <a href=\"http:\/\/Dardo.info\" target=\"_blank\" rel=\"noreferrer noopener\">Dardo.info<\/a>. Busca ser un lugar de entretenimiento, educaci\u00f3n y narrativa accesible para todos, generando contenido textual y multimedia que despierte la curiosidad, impacte y motive a los lectores a acercarse m\u00e1s a la ciencia a trav\u00e9s de textos inteligentes, cercanos y emp\u00e1ticos.<\/p>\n\n\n\n<p>Tambi\u00e9n impulsar\u00e1 los diferentes medios de divulgaci\u00f3n cient\u00edfica de Iberoam\u00e9rica con el fin de establecer redes que expandan la cultura cient\u00edfica en los ciudadanos.&nbsp;&nbsp;<\/p>\n\n\n\n<h2 class=\"wp-block-heading\">Nuestra misi\u00f3n<\/h2>\n\n\n\n<p>Reinterpretamos la ciencia publicada en art\u00edculos acad\u00e9micos para transformarla en contenidos nuevos que, sin perder rigor, transmitan las curiosidades, relevancias y el asombro que despierta el conocimiento cient\u00edfico, pero que a menudo resulta distante por su formato especializado. Nuestro prop\u00f3sito es llevar a la conversaci\u00f3n com\u00fan textos frescos, inspirados en investigaciones recientes o temas coyunturales, y as\u00ed contribuir al conocimiento colectivo de nuestros mundos.<\/p>\n\n\n\n<h2 class=\"wp-block-heading\">Equipo editorial<\/h2>\n\n\n\n<p>El equipo editorial de <strong>Motus<\/strong> est\u00e1 conformado por:&nbsp;&nbsp;<\/p>\n\n\n\n<ul class=\"wp-block-list\">\n<li><strong>Heiner Mercado Percia (Editor):<\/strong> Fil\u00f3sofo y Mag\u00edster en Estudios Human\u00edsticos de la Universidad EAFIT. Editor de revistas y socio fundador de Journals &amp; Authors. Tiene a su cargo la l\u00ednea de formaci\u00f3n de editores, la publicaci\u00f3n del <a href=\"https:\/\/jasolutions.com.co\/blog\/\" target=\"_blank\" rel=\"noopener\" title=\"\">Blog EditaCiencia<\/a> y la <a href=\"https:\/\/jasolutions.com.co\/publicaciones\/\" target=\"_blank\" rel=\"noopener\" title=\"\">Editorial Libro Abierto<\/a>. Organizador del Encuentro de Editores y mimebro del Consejo Asesor de DOAJ.&nbsp;<\/li>\n\n\n\n<li><strong>Nicol\u00e1s Mej\u00eda (Autor):<\/strong> Comunicador con \u00e9nfasis en producci\u00f3n editorial de la Ponitificia Universidad Javeriana. Desde el 2018 es el coordinador de las revistas cient\u00edficas de la Universidad de La Sabana y desde 2022 es embajador de Crossref. Le apuesta a las iniciativas de ciencia abierta y promueve todos los beneficios que traen estas iniciativas a entornos acad\u00e9micos y de investigaci\u00f3n. Adem\u00e1s de la gesti\u00f3n editorial, trabaja con datos derivados de todo tipo de productos acad\u00e9micos para la toma de decisiones, ejercicios de bibliometr\u00eda y governanza de la ciencia e investigaci\u00f3n. Cree en la colaboraci\u00f3n en las comunidades acad\u00e9micas para el beneficio de la sociedad y del fortalecimiento de un nexo global de la ciencia.<\/li>\n\n\n\n<li><strong>Alejandra Santamar\u00eda (Autora):<\/strong> Escritora, periodista y creadora de contenido colombiana viviendo en Alemania. Sus escritos tocan temas como la migraci\u00f3n, la familia, el g\u00e9nero, las historias de inter\u00e9s humano y las intersecciones de fen\u00f3menos culturales con movimientos sociales. Ha publicado en medios como Refinery 29 SOMOS, The Berliner, El Espectador y Cromos y desde 2024 es parte de la Red LATAM de J\u00f3venes Periodistas.<\/li>\n\n\n\n<li><strong>Laura Saldarriaga (Dise\u00f1adora gr\u00e1fica):<\/strong> Dise\u00f1adora gr\u00e1fica con experiencia en la creaci\u00f3n de piezas editoriales, visuales y digitales para proyectos acad\u00e9micos, culturales y de divulgaci\u00f3n cient\u00edfica. Hace parte del equipo de <em>Journals &amp; Authors<\/em>, donde se encarga de la diagramaci\u00f3n de art\u00edculos cient\u00edficos y el dise\u00f1o de contenidos para redes sociales, aportando creatividad y precisi\u00f3n a cada publicaci\u00f3n. Su trabajo busca fortalecer la identidad visual de las revistas y potenciar la comunicaci\u00f3n entre la ciencia y la sociedad.<\/li>\n<\/ul>\n\n\n\n<h2 class=\"wp-block-heading\">Apoyan este proyecto<\/h2>\n\n\n\n<p><strong>Motus <\/strong>es un producto de&nbsp;<a href=\"https:\/\/jasolutions.com.co\/\" target=\"_blank\" rel=\"noreferrer noopener\">Journals &amp; Authors<\/a>, compa\u00f1\u00eda dedicada a la prestaci\u00f3n de servicios editoriales a instituciones de educaci\u00f3n superior, sociedades y asociaciones cient\u00edficas y cualquier entidad gubernamental propietaria de una publicaci\u00f3n o editorial acad\u00e9mica.<\/p>\n\n\n\n<h2 class=\"wp-block-heading\">\u00bfC\u00f3mo participar en este proyecto?<\/h2>\n\n\n\n<p>El equipo editorial de Motus est\u00e1 atento a las coyunturas para conectar las tem\u00e1ticas y tendencias sociales actuales con los contenidos de los art\u00edculos cient\u00edficos. Aunque generamos nuestras publicaciones a partir de temas que nos resultan relevantes, tambi\u00e9n estamos abiertos a recibir propuestas para crear contenidos derivados. Si deseas que tengamos en cuenta un art\u00edculo que pueda ser de inter\u00e9s, por favor diligencia este formulario.<\/p>\n\n\n\n<p>En Motus tambi\u00e9n aceptamos colaboraciones y contenidos patrocinados, siempre que est\u00e9n alineados con nuestra misi\u00f3n de divulgar ciencia de manera rigurosa, accesible y creativa. Dichos contenidos se publicar\u00e1n con total transparencia e identificaci\u00f3n clara para garantizar la confianza de nuestra comunidad lectora.<\/p>\n","protected":false},"excerpt":{"rendered":"<p>Bienvenidos Motus es un blog de divulgaci\u00f3n cient\u00edfica creado en 2024. Naci\u00f3 como un espacio para acercar a la comunidad acad\u00e9mica y al p\u00fablico general los hallazgos publicados en revistas cient\u00edficas de alto nivel, adem\u00e1s de visibilizar ediciones tem\u00e1ticas y n\u00fameros especiales de revistas que se promocionan en Dardo.info. Busca ser un lugar de entretenimiento, [&hellip;]<\/p>\n","protected":false},"author":1,"featured_media":0,"parent":0,"menu_order":0,"comment_status":"closed","ping_status":"open","template":"","meta":{"om_disable_all_campaigns":false,"_monsterinsights_skip_tracking":false,"_monsterinsights_sitenote_active":false,"_monsterinsights_sitenote_note":"","_monsterinsights_sitenote_category":0,"footnotes":""},"class_list":["post-1624","page","type-page","status-publish","hentry"],"aioseo_notices":[],"_links":{"self":[{"href":"https:\/\/dardo.com.co\/motus\/wp-json\/wp\/v2\/pages\/1624"}],"collection":[{"href":"https:\/\/dardo.com.co\/motus\/wp-json\/wp\/v2\/pages"}],"about":[{"href":"https:\/\/dardo.com.co\/motus\/wp-json\/wp\/v2\/types\/page"}],"author":[{"embeddable":true,"href":"https:\/\/dardo.com.co\/motus\/wp-json\/wp\/v2\/users\/1"}],"replies":[{"embeddable":true,"href":"https:\/\/dardo.com.co\/motus\/wp-json\/wp\/v2\/comments?post=1624"}],"version-history":[{"count":6,"href":"https:\/\/dardo.com.co\/motus\/wp-json\/wp\/v2\/pages\/1624\/revisions"}],"predecessor-version":[{"id":1814,"href":"https:\/\/dardo.com.co\/motus\/wp-json\/wp\/v2\/pages\/1624\/revisions\/1814"}],"wp:attachment":[{"href":"https:\/\/dardo.com.co\/motus\/wp-json\/wp\/v2\/media?parent=1624"}],"curies":[{"name":"wp","href":"https:\/\/api.w.org\/{rel}","templated":true}]}}